{"id":2905,"date":"2024-07-11T13:03:09","date_gmt":"2024-07-11T11:03:09","guid":{"rendered":"https:\/\/oxabiotech.com\/biotech\/"},"modified":"2024-09-20T09:48:13","modified_gmt":"2024-09-20T07:48:13","slug":"biotech","status":"publish","type":"page","link":"https:\/\/oxabiotech.com\/pt\/biotech\/","title":{"rendered":"Biotech"},"content":{"rendered":"","protected":false},"excerpt":{"rendered":"","protected":false},"author":1,"featured_media":3305,"parent":0,"menu_order":0,"comment_status":"closed","ping_status":"closed","template":"oxa-biotech.php","meta":{"_acf_changed":false,"footnotes":""},"class_list":["post-2905","page","type-page","status-publish","has-post-thumbnail","hentry","entry"],"acf":[],"yoast_head":"<!-- This site is optimized with the Yoast SEO plugin v24.0 - https:\/\/yoast.com\/wordpress\/plugins\/seo\/ -->\n<title>Biotech<\/title>\n<meta name=\"description\" content=\"Conhe\u00e7a os produtos biotecnol\u00f3gicos da OXA, desenvolvidos para oferecer solu\u00e7\u00f5es eficientes, sustent\u00e1veis \u200b\u200be amigas do ambiente.\" \/>\n<meta name=\"robots\" content=\"index, follow, max-snippet:-1, max-image-preview:large, max-video-preview:-1\" \/>\n<link rel=\"canonical\" href=\"https:\/\/oxabiotech.com\/pt\/biotech\/\" \/>\n<meta property=\"og:locale\" content=\"pt_PT\" \/>\n<meta property=\"og:type\" content=\"article\" \/>\n<meta property=\"og:title\" content=\"Biotech - OXA\" \/>\n<meta property=\"og:description\" content=\"Conhe\u00e7a os produtos biotecnol\u00f3gicos da OXA, desenvolvidos para oferecer solu\u00e7\u00f5es eficientes, sustent\u00e1veis \u200b\u200be amigas do ambiente.\" \/>\n<meta property=\"og:url\" content=\"https:\/\/oxabiotech.com\/pt\/biotech\/\" \/>\n<meta property=\"og:site_name\" content=\"OXA\" \/>\n<meta property=\"article:modified_time\" content=\"2024-09-20T07:48:13+00:00\" \/>\n<meta property=\"og:image\" content=\"https:\/\/oxabiotech.com\/wp-content\/uploads\/2024\/09\/pexels-pixabay-259280-xxl.webp\" \/>\n\t<meta property=\"og:image:width\" content=\"2440\" \/>\n\t<meta property=\"og:image:height\" content=\"1453\" \/>\n\t<meta property=\"og:image:type\" content=\"image\/webp\" \/>\n<meta name=\"twitter:card\" content=\"summary_large_image\" \/>\n<script type=\"application\/ld+json\" class=\"yoast-schema-graph\">{\"@context\":\"https:\/\/schema.org\",\"@graph\":[{\"@type\":\"WebPage\",\"@id\":\"https:\/\/oxabiotech.com\/pt\/biotech\/\",\"url\":\"https:\/\/oxabiotech.com\/pt\/biotech\/\",\"name\":\"Biotech - OXA\",\"isPartOf\":{\"@id\":\"https:\/\/oxabiotech.com\/pt\/#website\"},\"primaryImageOfPage\":{\"@id\":\"https:\/\/oxabiotech.com\/pt\/biotech\/#primaryimage\"},\"image\":{\"@id\":\"https:\/\/oxabiotech.com\/pt\/biotech\/#primaryimage\"},\"thumbnailUrl\":\"https:\/\/oxabiotech.com\/wp-content\/uploads\/2024\/09\/pexels-alexwolfmx-14541415-scaled.jpg\",\"datePublished\":\"2024-07-11T11:03:09+00:00\",\"dateModified\":\"2024-09-20T07:48:13+00:00\",\"description\":\"Conhe\u00e7a os produtos biotecnol\u00f3gicos da OXA, desenvolvidos para oferecer solu\u00e7\u00f5es eficientes, sustent\u00e1veis \u200b\u200be amigas do ambiente.\",\"breadcrumb\":{\"@id\":\"https:\/\/oxabiotech.com\/pt\/biotech\/#breadcrumb\"},\"inLanguage\":\"pt\",\"potentialAction\":[{\"@type\":\"ReadAction\",\"target\":[\"https:\/\/oxabiotech.com\/pt\/biotech\/\"]}]},{\"@type\":\"ImageObject\",\"inLanguage\":\"pt\",\"@id\":\"https:\/\/oxabiotech.com\/pt\/biotech\/#primaryimage\",\"url\":\"https:\/\/oxabiotech.com\/wp-content\/uploads\/2024\/09\/pexels-alexwolfmx-14541415-scaled.jpg\",\"contentUrl\":\"https:\/\/oxabiotech.com\/wp-content\/uploads\/2024\/09\/pexels-alexwolfmx-14541415-scaled.jpg\",\"width\":2560,\"height\":1920},{\"@type\":\"BreadcrumbList\",\"@id\":\"https:\/\/oxabiotech.com\/pt\/biotech\/#breadcrumb\",\"itemListElement\":[{\"@type\":\"ListItem\",\"position\":1,\"name\":\"Portada\",\"item\":\"https:\/\/oxabiotech.com\/pt\/\"},{\"@type\":\"ListItem\",\"position\":2,\"name\":\"Biotech\"}]},{\"@type\":\"WebSite\",\"@id\":\"https:\/\/oxabiotech.com\/pt\/#website\",\"url\":\"https:\/\/oxabiotech.com\/pt\/\",\"name\":\"OXA\",\"description\":\"\",\"publisher\":{\"@id\":\"https:\/\/oxabiotech.com\/pt\/#organization\"},\"potentialAction\":[{\"@type\":\"SearchAction\",\"target\":{\"@type\":\"EntryPoint\",\"urlTemplate\":\"https:\/\/oxabiotech.com\/pt\/?s={search_term_string}\"},\"query-input\":{\"@type\":\"PropertyValueSpecification\",\"valueRequired\":true,\"valueName\":\"search_term_string\"}}],\"inLanguage\":\"pt\"},{\"@type\":\"Organization\",\"@id\":\"https:\/\/oxabiotech.com\/pt\/#organization\",\"name\":\"OXA\",\"url\":\"https:\/\/oxabiotech.com\/pt\/\",\"logo\":{\"@type\":\"ImageObject\",\"inLanguage\":\"pt\",\"@id\":\"https:\/\/oxabiotech.com\/pt\/#\/schema\/logo\/image\/\",\"url\":\"https:\/\/oxabiotech.com\/wp-content\/uploads\/2023\/11\/logo-oxa.svg\",\"contentUrl\":\"https:\/\/oxabiotech.com\/wp-content\/uploads\/2023\/11\/logo-oxa.svg\",\"caption\":\"OXA\"},\"image\":{\"@id\":\"https:\/\/oxabiotech.com\/pt\/#\/schema\/logo\/image\/\"},\"sameAs\":[\"https:\/\/www.linkedin.com\/showcase\/productos-oxa\/?viewAsMember=true\"]}]}<\/script>\n<!-- \/ Yoast SEO plugin. -->","yoast_head_json":{"title":"Biotech","description":"Conhe\u00e7a os produtos biotecnol\u00f3gicos da OXA, desenvolvidos para oferecer solu\u00e7\u00f5es eficientes, sustent\u00e1veis \u200b\u200be amigas do ambiente.","robots":{"index":"index","follow":"follow","max-snippet":"max-snippet:-1","max-image-preview":"max-image-preview:large","max-video-preview":"max-video-preview:-1"},"canonical":"https:\/\/oxabiotech.com\/pt\/biotech\/","og_locale":"pt_PT","og_type":"article","og_title":"Biotech - OXA","og_description":"Conhe\u00e7a os produtos biotecnol\u00f3gicos da OXA, desenvolvidos para oferecer solu\u00e7\u00f5es eficientes, sustent\u00e1veis \u200b\u200be amigas do ambiente.","og_url":"https:\/\/oxabiotech.com\/pt\/biotech\/","og_site_name":"OXA","article_modified_time":"2024-09-20T07:48:13+00:00","og_image":[{"width":2440,"height":1453,"url":"https:\/\/oxabiotech.com\/wp-content\/uploads\/2024\/09\/pexels-pixabay-259280-xxl.webp","type":"image\/webp"}],"twitter_card":"summary_large_image","schema":{"@context":"https:\/\/schema.org","@graph":[{"@type":"WebPage","@id":"https:\/\/oxabiotech.com\/pt\/biotech\/","url":"https:\/\/oxabiotech.com\/pt\/biotech\/","name":"Biotech - OXA","isPartOf":{"@id":"https:\/\/oxabiotech.com\/pt\/#website"},"primaryImageOfPage":{"@id":"https:\/\/oxabiotech.com\/pt\/biotech\/#primaryimage"},"image":{"@id":"https:\/\/oxabiotech.com\/pt\/biotech\/#primaryimage"},"thumbnailUrl":"https:\/\/oxabiotech.com\/wp-content\/uploads\/2024\/09\/pexels-alexwolfmx-14541415-scaled.jpg","datePublished":"2024-07-11T11:03:09+00:00","dateModified":"2024-09-20T07:48:13+00:00","description":"Conhe\u00e7a os produtos biotecnol\u00f3gicos da OXA, desenvolvidos para oferecer solu\u00e7\u00f5es eficientes, sustent\u00e1veis \u200b\u200be amigas do ambiente.","breadcrumb":{"@id":"https:\/\/oxabiotech.com\/pt\/biotech\/#breadcrumb"},"inLanguage":"pt","potentialAction":[{"@type":"ReadAction","target":["https:\/\/oxabiotech.com\/pt\/biotech\/"]}]},{"@type":"ImageObject","inLanguage":"pt","@id":"https:\/\/oxabiotech.com\/pt\/biotech\/#primaryimage","url":"https:\/\/oxabiotech.com\/wp-content\/uploads\/2024\/09\/pexels-alexwolfmx-14541415-scaled.jpg","contentUrl":"https:\/\/oxabiotech.com\/wp-content\/uploads\/2024\/09\/pexels-alexwolfmx-14541415-scaled.jpg","width":2560,"height":1920},{"@type":"BreadcrumbList","@id":"https:\/\/oxabiotech.com\/pt\/biotech\/#breadcrumb","itemListElement":[{"@type":"ListItem","position":1,"name":"Portada","item":"https:\/\/oxabiotech.com\/pt\/"},{"@type":"ListItem","position":2,"name":"Biotech"}]},{"@type":"WebSite","@id":"https:\/\/oxabiotech.com\/pt\/#website","url":"https:\/\/oxabiotech.com\/pt\/","name":"OXA","description":"","publisher":{"@id":"https:\/\/oxabiotech.com\/pt\/#organization"},"potentialAction":[{"@type":"SearchAction","target":{"@type":"EntryPoint","urlTemplate":"https:\/\/oxabiotech.com\/pt\/?s={search_term_string}"},"query-input":{"@type":"PropertyValueSpecification","valueRequired":true,"valueName":"search_term_string"}}],"inLanguage":"pt"},{"@type":"Organization","@id":"https:\/\/oxabiotech.com\/pt\/#organization","name":"OXA","url":"https:\/\/oxabiotech.com\/pt\/","logo":{"@type":"ImageObject","inLanguage":"pt","@id":"https:\/\/oxabiotech.com\/pt\/#\/schema\/logo\/image\/","url":"https:\/\/oxabiotech.com\/wp-content\/uploads\/2023\/11\/logo-oxa.svg","contentUrl":"https:\/\/oxabiotech.com\/wp-content\/uploads\/2023\/11\/logo-oxa.svg","caption":"OXA"},"image":{"@id":"https:\/\/oxabiotech.com\/pt\/#\/schema\/logo\/image\/"},"sameAs":["https:\/\/www.linkedin.com\/showcase\/productos-oxa\/?viewAsMember=true"]}]}},"_links":{"self":[{"href":"https:\/\/oxabiotech.com\/pt\/wp-json\/wp\/v2\/pages\/2905","targetHints":{"allow":["GET"]}}],"collection":[{"href":"https:\/\/oxabiotech.com\/pt\/wp-json\/wp\/v2\/pages"}],"about":[{"href":"https:\/\/oxabiotech.com\/pt\/wp-json\/wp\/v2\/types\/page"}],"author":[{"embeddable":true,"href":"https:\/\/oxabiotech.com\/pt\/wp-json\/wp\/v2\/users\/1"}],"replies":[{"embeddable":true,"href":"https:\/\/oxabiotech.com\/pt\/wp-json\/wp\/v2\/comments?post=2905"}],"version-history":[{"count":1,"href":"https:\/\/oxabiotech.com\/pt\/wp-json\/wp\/v2\/pages\/2905\/revisions"}],"predecessor-version":[{"id":3292,"href":"https:\/\/oxabiotech.com\/pt\/wp-json\/wp\/v2\/pages\/2905\/revisions\/3292"}],"wp:featuredmedia":[{"embeddable":true,"href":"https:\/\/oxabiotech.com\/pt\/wp-json\/wp\/v2\/media\/3305"}],"wp:attachment":[{"href":"https:\/\/oxabiotech.com\/pt\/wp-json\/wp\/v2\/media?parent=2905"}],"curies":[{"name":"wp","href":"https:\/\/api.w.org\/{rel}","templated":true}]}}